{"id":2968,"date":"2021-09-30T12:59:17","date_gmt":"2021-09-30T10:59:17","guid":{"rendered":"http:\/\/aepedi.org\/?page_id=2968"},"modified":"2025-11-14T20:05:54","modified_gmt":"2025-11-14T19:05:54","slug":"nueva-bolsa-de-trabajo-foro-aepedi-en-pruebas","status":"publish","type":"page","link":"https:\/\/aepedi.org\/?page_id=2968","title":{"rendered":"Bolsa de trabajo,  A.E.P.E.D.I."},"content":{"rendered":"\n<div class=\"wp-block-image\"><figure class=\"aligncenter size-large is-resized\"><img loading=\"lazy\" src=\"https:\/\/aepedi.org\/wp-content\/uploads\/2020\/07\/Logos-web-aepedi-1024x293.jpg\" alt=\"\" class=\"wp-image-1577\" width=\"800\" height=\"230\"\/><\/figure><\/div>\n\n\n\n<p><strong><span class=\"has-inline-color has-vivid-red-color\">IMPORTANTE :<\/span><\/strong> <strong><span class=\"has-inline-color has-black-color\">Si tienes previsto ir a trabajar fuera de Espa\u00f1a, es muy importante que leas los consejos que te damos, ya que te ser\u00e1n de mucha utilidad y evitar\u00e1s problemas cuando llegues al destino.<\/span><\/strong>  <\/p>\n\n\n\n<p>I<a href=\"https:\/\/aepedi.org\/wp-admin\/post.php?post=395&amp;action=edit\" target=\"_blank\" rel=\"noreferrer noopener\">nformaci\u00f3n para socios que quieran trabajar en el extranjero<\/a><\/p>\n\n\n\n<p>\u00a1Bienvenidos al nuevo espacio dedicado a la bolsa de trabajo para socios y escuelas adscritas de A.E.P.E.D.I.!<\/p>\n\n\n\n<p><\/p>\n\n\n\n<p><a href=\"https:\/\/aepedi.org\/wp-content\/uploads\/2025\/11\/oferta_empleo_EEPanticosa.jpg\" target=\"_blank\" rel=\"noreferrer noopener\">2025-26 OFERTA E.E.E. de Panticosa (Entidad adscrita a AEPEDI)<\/a><\/p>\n\n\n\n<p><\/p>\n\n\n\n<div class=\"wp-block-group\"><div class=\"wp-block-group__inner-container\">\n<div class=\"wp-block-group\"><div class=\"wp-block-group__inner-container\">\n<div class=\"wp-block-columns are-vertically-aligned-top\">\n<div class=\"wp-block-column is-vertically-aligned-top\" style=\"flex-basis:100%\"><div class=\"feedzy-rss feedzy-ddd85329bbafd3b4f3404a2521970407\"><ul><li  style=\"padding: 15px 0 25px\" class=\"rss_item\"><div class=\"rss_image\" style=\"width:150px; height:150px;\"><a href=\"https:\/\/www.nevasport.com\/phorum\/read.php?97,4418505,4418505#msg-4418505\" target=\"_blank\" rel=\" noopener\" title=\"Oferta laboral Escuela de esqu\u00ed Panticosa (sin respuestas)\" style=\"width:150px; height:150px;\"><span class=\"fetched\" style=\"background-image:  url('https:\/\/www.nevasport.com\/fotos\/181122\/965571.jpg');\" title=\"Oferta laboral Escuela de esqu\u00ed Panticosa (sin respuestas)\"><\/span><amp-img width=\"150\" height=\"150\" src=\"https:\/\/www.nevasport.com\/fotos\/181122\/965571.jpg\"><\/a><\/div><span class=\"title\"><a href=\"https:\/\/www.nevasport.com\/phorum\/read.php?97,4418505,4418505#msg-4418505\" target=\"_blank\" rel=\" noopener\">Oferta laboral Escuela de esqu\u00ed Panticosa (sin respuestas)<\/a><\/span><div class=\"rss_content\" style=\"\"><small>por <a href=\"\/\/www.nevasport.com\" target=\"_blank\" title=\"www.nevasport.com\" >Sam1980<\/a> el d\u00eda 18 de noviembre, 2022 a las 8:12 am <\/small><\/div><\/li><li  style=\"padding: 15px 0 25px\" class=\"rss_item\"><div class=\"rss_image\" style=\"width:150px; height:150px;\"><a href=\"https:\/\/www.nevasport.com\/phorum\/read.php?97,4418502,4418502#msg-4418502\" target=\"_blank\" rel=\" noopener\" title=\"Oferta laboral Escuela de esqu\u00ed Isards (Baqueira) (sin respuestas)\" style=\"width:150px; height:150px;\"><span class=\"fetched\" style=\"background-image:  url('https:\/\/www.nevasport.com\/fotos\/181122\/965570.jpg');\" title=\"Oferta laboral Escuela de esqu\u00ed Isards (Baqueira) (sin respuestas)\"><\/span><amp-img width=\"150\" height=\"150\" src=\"https:\/\/www.nevasport.com\/fotos\/181122\/965570.jpg\"><\/a><\/div><span class=\"title\"><a href=\"https:\/\/www.nevasport.com\/phorum\/read.php?97,4418502,4418502#msg-4418502\" target=\"_blank\" rel=\" noopener\">Oferta laboral Escuela de esqu\u00ed Isards (Baqueira) (sin respuestas)<\/a><\/span><div class=\"rss_content\" style=\"\"><small>por <a href=\"\/\/www.nevasport.com\" target=\"_blank\" title=\"www.nevasport.com\" >Sam1980<\/a> el d\u00eda 18 de noviembre, 2022 a las 8:04 am <\/small><\/div><\/li><li  style=\"padding: 15px 0 25px\" class=\"rss_item\"><div class=\"rss_image\" style=\"width:150px; height:150px;\"><a href=\"https:\/\/www.nevasport.com\/phorum\/read.php?97,4411879,4411879#msg-4411879\" target=\"_blank\" rel=\" noopener\" title=\"Oferta laboral Escuela de esqu\u00ed de la Molina (sin respuestas)\" style=\"width:150px; height:150px;\"><span class=\"fetched\" style=\"background-image:  url('https:\/\/www.nevasport.com\/fotos\/211022\/961602-Escuela-esqui-molina.jpg');\" title=\"Oferta laboral Escuela de esqu\u00ed de la Molina (sin respuestas)\"><\/span><amp-img width=\"150\" height=\"150\" src=\"https:\/\/www.nevasport.com\/fotos\/211022\/961602-Escuela-esqui-molina.jpg\"><\/a><\/div><span class=\"title\"><a href=\"https:\/\/www.nevasport.com\/phorum\/read.php?97,4411879,4411879#msg-4411879\" target=\"_blank\" rel=\" noopener\">Oferta laboral Escuela de esqu\u00ed de la Molina (sin respuestas)<\/a><\/span><div class=\"rss_content\" style=\"\"><small>por <a href=\"\/\/www.nevasport.com\" target=\"_blank\" title=\"www.nevasport.com\" >Sam1980<\/a> el d\u00eda 21 de octubre, 2022 a las 8:22 am <\/small><\/div><\/li><li  style=\"padding: 15px 0 25px\" class=\"rss_item\"><div class=\"rss_image\" style=\"width:150px; height:150px;\"><a href=\"https:\/\/www.nevasport.com\/phorum\/read.php?97,4328803,4328803#msg-4328803\" target=\"_blank\" rel=\" noopener\" title=\"OFERTA DE EMPLEO en la Escuela Espa\u00f1ola de Esqu\u00ed de FORMIGAL (sin respuestas)\" style=\"width:150px; height:150px;\"><span class=\"default\" style=\"background-image:url(https:\/\/aepedi.org\/wp-content\/uploads\/2020\/09\/Logo-AEPEDI-rectangular-noticias-e1616658196333.png);\" title=\"OFERTA DE EMPLEO en la Escuela Espa\u00f1ola de Esqu\u00ed de FORMIGAL (sin respuestas)\"><\/span><amp-img width=\"150\" height=\"150\" src=\"https:\/\/aepedi.org\/wp-content\/uploads\/2020\/09\/Logo-AEPEDI-rectangular-noticias-e1616658196333.png\"><\/a><\/div><span class=\"title\"><a href=\"https:\/\/www.nevasport.com\/phorum\/read.php?97,4328803,4328803#msg-4328803\" target=\"_blank\" rel=\" noopener\">OFERTA DE EMPLEO en la Escuela Espa\u00f1ola de Esqu\u00ed de FORMIGAL (sin respuestas)<\/a><\/span><div class=\"rss_content\" style=\"\"><small>por <a href=\"\/\/www.nevasport.com\" target=\"_blank\" title=\"www.nevasport.com\" >EEEFORMIGAL<\/a> el d\u00eda 20 de noviembre, 2021 a las 10:51 am <\/small><\/div><\/li><li  style=\"padding: 15px 0 25px\" class=\"rss_item\"><div class=\"rss_image\" style=\"width:150px; height:150px;\"><a href=\"https:\/\/www.nevasport.com\/phorum\/read.php?97,4319077,4319077#msg-4319077\" target=\"_blank\" rel=\" noopener\" title=\"Oferta laboral Escuela de esqu\u00ed de Lliv\u00eda (Intercerdanya) (sin respuestas)\" style=\"width:150px; height:150px;\"><span class=\"fetched\" style=\"background-image:  url('https:\/\/www.nevasport.com\/fotos\/300921\/920980.jpg');\" title=\"Oferta laboral Escuela de esqu\u00ed de Lliv\u00eda (Intercerdanya) (sin respuestas)\"><\/span><amp-img width=\"150\" height=\"150\" src=\"https:\/\/www.nevasport.com\/fotos\/300921\/920980.jpg\"><\/a><\/div><span class=\"title\"><a href=\"https:\/\/www.nevasport.com\/phorum\/read.php?97,4319077,4319077#msg-4319077\" target=\"_blank\" rel=\" noopener\">Oferta laboral Escuela de esqu\u00ed de Lliv\u00eda (Intercerdanya) (sin respuestas)<\/a><\/span><div class=\"rss_content\" style=\"\"><small>por <a href=\"\/\/www.nevasport.com\" target=\"_blank\" title=\"www.nevasport.com\" >Sam1980<\/a> el d\u00eda 19 de octubre, 2021 a las 6:37 am <\/small><\/div><\/li><\/ul> <\/div><\/div>\n<\/div>\n<\/div><\/div>\n<\/div><\/div>\n\n\n\n<h2 class=\"has-text-align-center\" style=\"font-size:25px\">Si quieres acceder al foro de bolsa de trabajo en Nevasport.com puedes seguir <a rel=\"noreferrer noopener\" href=\"https:\/\/www.nevasport.com\/phorum\/list.php?97\" data-type=\"URL\" data-id=\"https:\/\/www.nevasport.com\/phorum\/list.php?97\" target=\"_blank\">este enlace<\/a>.<\/h2>\n\n\n\n<div class=\"wp-block-image is-style-rounded\"><figure class=\"aligncenter size-full\"><a href=\"https:\/\/aepedi.org\/wp-content\/uploads\/2021\/10\/Nevasport_400x400-e1635159771749.jpg\"><img loading=\"lazy\" width=\"200\" height=\"200\" src=\"https:\/\/aepedi.org\/wp-content\/uploads\/2021\/10\/Nevasport_400x400-e1635159771749.jpg\" alt=\"\" class=\"wp-image-3090\"\/><\/a><\/figure><\/div>\n","protected":false},"excerpt":{"rendered":"<p>Bolsa de trabajo para socios en activo de A.E.P.E.DI.<\/p>\n","protected":false},"author":2,"featured_media":0,"parent":0,"menu_order":0,"comment_status":"closed","ping_status":"closed","template":"","meta":[],"_links":{"self":[{"href":"https:\/\/aepedi.org\/index.php?rest_route=\/wp\/v2\/pages\/2968"}],"collection":[{"href":"https:\/\/aepedi.org\/index.php?rest_route=\/wp\/v2\/pages"}],"about":[{"href":"https:\/\/aepedi.org\/index.php?rest_route=\/wp\/v2\/types\/page"}],"author":[{"embeddable":true,"href":"https:\/\/aepedi.org\/index.php?rest_route=\/wp\/v2\/users\/2"}],"replies":[{"embeddable":true,"href":"https:\/\/aepedi.org\/index.php?rest_route=%2Fwp%2Fv2%2Fcomments&post=2968"}],"version-history":[{"count":50,"href":"https:\/\/aepedi.org\/index.php?rest_route=\/wp\/v2\/pages\/2968\/revisions"}],"predecessor-version":[{"id":4983,"href":"https:\/\/aepedi.org\/index.php?rest_route=\/wp\/v2\/pages\/2968\/revisions\/4983"}],"wp:attachment":[{"href":"https:\/\/aepedi.org\/index.php?rest_route=%2Fwp%2Fv2%2Fmedia&parent=2968"}],"curies":[{"name":"wp","href":"https:\/\/api.w.org\/{rel}","templated":true}]}}