{"id":2011,"date":"2020-07-21T11:31:22","date_gmt":"2020-07-21T09:31:22","guid":{"rendered":"http:\/\/aepedi.org\/?page_id=2011"},"modified":"2020-07-23T12:48:10","modified_gmt":"2020-07-23T10:48:10","slug":"cercleaventura","status":"publish","type":"page","link":"https:\/\/aepedi.org\/?page_id=2011","title":{"rendered":"Cercleaventura"},"content":{"rendered":"<p><a href=\"https:\/\/aepedi.org\/wp-content\/uploads\/2020\/07\/Logos-web-aepedi.jpg\"><img loading=\"lazy\" class=\"aligncenter size-large wp-image-1577\" src=\"https:\/\/aepedi.org\/wp-content\/uploads\/2020\/07\/Logos-web-aepedi-1024x293.jpg\" alt=\"logos-web-aepedi\" width=\"800\" height=\"229\" \/><\/a><\/p>\n<p>Profesores especialmente cualificados para iniciar o perfeccionar a cualquier ni\u00f1o o adulto en el esqu\u00ed.<\/p>\n<p><a href=\"https:\/\/aepedi.org\/wp-content\/uploads\/2020\/07\/EquipEsqui-2.jpg\"><img loading=\"lazy\" class=\"aligncenter wp-image-2012\" src=\"https:\/\/aepedi.org\/wp-content\/uploads\/2020\/07\/EquipEsqui-2-1024x454.jpg\" alt=\"equipesqui-2\" width=\"1400\" height=\"620\" srcset=\"https:\/\/aepedi.org\/wp-content\/uploads\/2020\/07\/EquipEsqui-2-1024x454.jpg 1024w, https:\/\/aepedi.org\/wp-content\/uploads\/2020\/07\/EquipEsqui-2-300x133.jpg 300w, https:\/\/aepedi.org\/wp-content\/uploads\/2020\/07\/EquipEsqui-2.jpg 1418w\" sizes=\"(max-width: 1400px) 100vw, 1400px\" \/><\/a><\/p>\n<p>&nbsp;<\/p>\n<p><strong>Enlaces de inter\u00e9s:<\/strong><\/p>\n<p><a href=\"https:\/\/cercleaventura.com\/esqui\/\" target=\"_blank\">Web de la escuela<\/a><\/p>\n","protected":false},"excerpt":{"rendered":"<p>Profesores especialmente cualificados para iniciar o perfeccionar a cualquier ni\u00f1o o adulto en el esqu\u00ed. &nbsp; Enlaces de inter\u00e9s: Web<\/p>\n","protected":false},"author":2,"featured_media":0,"parent":0,"menu_order":0,"comment_status":"closed","ping_status":"closed","template":"","meta":[],"_links":{"self":[{"href":"https:\/\/aepedi.org\/index.php?rest_route=\/wp\/v2\/pages\/2011"}],"collection":[{"href":"https:\/\/aepedi.org\/index.php?rest_route=\/wp\/v2\/pages"}],"about":[{"href":"https:\/\/aepedi.org\/index.php?rest_route=\/wp\/v2\/types\/page"}],"author":[{"embeddable":true,"href":"https:\/\/aepedi.org\/index.php?rest_route=\/wp\/v2\/users\/2"}],"replies":[{"embeddable":true,"href":"https:\/\/aepedi.org\/index.php?rest_route=%2Fwp%2Fv2%2Fcomments&post=2011"}],"version-history":[{"count":2,"href":"https:\/\/aepedi.org\/index.php?rest_route=\/wp\/v2\/pages\/2011\/revisions"}],"predecessor-version":[{"id":2265,"href":"https:\/\/aepedi.org\/index.php?rest_route=\/wp\/v2\/pages\/2011\/revisions\/2265"}],"wp:attachment":[{"href":"https:\/\/aepedi.org\/index.php?rest_route=%2Fwp%2Fv2%2Fmedia&parent=2011"}],"curies":[{"name":"wp","href":"https:\/\/api.w.org\/{rel}","templated":true}]}}