{"id":1970,"date":"2020-07-21T10:30:21","date_gmt":"2020-07-21T08:30:21","guid":{"rendered":"http:\/\/aepedi.org\/?page_id=1970"},"modified":"2020-07-23T12:42:07","modified_gmt":"2020-07-23T10:42:07","slug":"escuela-de-esqui-de-panticosa","status":"publish","type":"page","link":"https:\/\/aepedi.org\/?page_id=1970","title":{"rendered":"Escuela de Esqu\u00ed de Panticosa"},"content":{"rendered":"<p><a href=\"https:\/\/aepedi.org\/wp-content\/uploads\/2020\/07\/Logos-web-aepedi.jpg\"><img loading=\"lazy\" class=\"aligncenter size-large wp-image-1577\" src=\"https:\/\/aepedi.org\/wp-content\/uploads\/2020\/07\/Logos-web-aepedi-1024x293.jpg\" alt=\"logos-web-aepedi\" width=\"800\" height=\"229\" \/><\/a><\/p>\n<p>La escuela de Esqu\u00ed de Panticosa ejerce la profesi\u00f3n desde 1970, fecha en la que se inaugur\u00f3 la Estaci\u00f3n de Esqu\u00ed Panticosa-Los Lagos. Sus profesionales se reciclan mediante una formaci\u00f3n continua acorde a la distintas y diversas evoluciones de la t\u00e9cnica y del material de esqu\u00ed.<\/p>\n<p>En 2020 cumpli\u00f3 50 a\u00f1os de experiencia en el \u00e1mbito de la ense\u00f1anza de los deportes de invierno.<\/p>\n<p>&nbsp;<\/p>\n<p><a href=\"https:\/\/aepedi.org\/wp-content\/uploads\/2020\/07\/escuela-panticosa-2019-red-1-2.jpg\"><img loading=\"lazy\" class=\"aligncenter wp-image-1973\" src=\"https:\/\/aepedi.org\/wp-content\/uploads\/2020\/07\/escuela-panticosa-2019-red-1-2-1024x371.jpg\" alt=\"escuela-panticosa-2019-red-1-2\" width=\"1400\" height=\"507\" srcset=\"https:\/\/aepedi.org\/wp-content\/uploads\/2020\/07\/escuela-panticosa-2019-red-1-2-1024x371.jpg 1024w, https:\/\/aepedi.org\/wp-content\/uploads\/2020\/07\/escuela-panticosa-2019-red-1-2-300x109.jpg 300w, https:\/\/aepedi.org\/wp-content\/uploads\/2020\/07\/escuela-panticosa-2019-red-1-2.jpg 1405w\" sizes=\"(max-width: 1400px) 100vw, 1400px\" \/><\/a><\/p>\n<p>&nbsp;<\/p>\n<blockquote><p>Desde su creaci\u00f3n, venimos desarrollando nuestra labor en la ense\u00f1anza del Esqu\u00ed Alpino, Snowboard, Telemark, Esqu\u00ed de Fondo, incluso entrenamientos y competiciones.<\/p><\/blockquote>\n<p>&nbsp;<\/p>\n<p>Enlaces de inter\u00e9s:<\/p>\n<ul>\n<li><a href=\"https:\/\/escuelaesquipanticosa.com\/\" target=\"_blank\">Web de la escuela<\/a><\/li>\n<\/ul>\n","protected":false},"excerpt":{"rendered":"<p>La escuela de Esqu\u00ed de Panticosa ejerce la profesi\u00f3n desde 1970, fecha en la que se inaugur\u00f3 la Estaci\u00f3n de<\/p>\n","protected":false},"author":2,"featured_media":0,"parent":0,"menu_order":0,"comment_status":"closed","ping_status":"closed","template":"","meta":[],"_links":{"self":[{"href":"https:\/\/aepedi.org\/index.php?rest_route=\/wp\/v2\/pages\/1970"}],"collection":[{"href":"https:\/\/aepedi.org\/index.php?rest_route=\/wp\/v2\/pages"}],"about":[{"href":"https:\/\/aepedi.org\/index.php?rest_route=\/wp\/v2\/types\/page"}],"author":[{"embeddable":true,"href":"https:\/\/aepedi.org\/index.php?rest_route=\/wp\/v2\/users\/2"}],"replies":[{"embeddable":true,"href":"https:\/\/aepedi.org\/index.php?rest_route=%2Fwp%2Fv2%2Fcomments&post=1970"}],"version-history":[{"count":5,"href":"https:\/\/aepedi.org\/index.php?rest_route=\/wp\/v2\/pages\/1970\/revisions"}],"predecessor-version":[{"id":2259,"href":"https:\/\/aepedi.org\/index.php?rest_route=\/wp\/v2\/pages\/1970\/revisions\/2259"}],"wp:attachment":[{"href":"https:\/\/aepedi.org\/index.php?rest_route=%2Fwp%2Fv2%2Fmedia&parent=1970"}],"curies":[{"name":"wp","href":"https:\/\/api.w.org\/{rel}","templated":true}]}}