{"id":1847,"date":"2020-07-20T16:27:18","date_gmt":"2020-07-20T14:27:18","guid":{"rendered":"http:\/\/aepedi.org\/?page_id=1847"},"modified":"2023-08-25T12:11:34","modified_gmt":"2023-08-25T10:11:34","slug":"mouce","status":"publish","type":"page","link":"https:\/\/aepedi.org\/?page_id=1847","title":{"rendered":"MoU\/CE"},"content":{"rendered":"<p><a href=\"https:\/\/aepedi.org\/wp-content\/uploads\/2020\/07\/Logos-web-aepedi.jpg\"><img loading=\"lazy\" class=\"aligncenter size-large wp-image-1577\" src=\"https:\/\/aepedi.org\/wp-content\/uploads\/2020\/07\/Logos-web-aepedi-1024x293.jpg\" alt=\"logos-web-aepedi\" width=\"800\" height=\"229\" \/><\/a><\/p>\n<p style=\"text-align: justify;\">El <em>24 de febrero de 2012<\/em>, el Reino de Espa\u00f1a firm\u00f3 en la Comisi\u00f3n Europea, en el marco de la Directiva 2005\/36\/CE, el Protocolo de acuerdo por el que se instaura un proyecto piloto de tarjeta profesional dirigida a los instructores de esqu\u00ed, (MoU) con un plazo de aplicaci\u00f3n hasta el 30 de junio de 2013. Posteriormente, el 7 de junio de 2013, dicho acuerdo fue prorrogado por un a\u00f1o. El 15 de octubre de 2014, se prorrog\u00f3 su vigencia.<\/p>\n<p style=\"text-align: justify;\"><a href=\"https:\/\/aepedi.org\/wp-content\/uploads\/2016\/11\/image.jpg\"><img loading=\"lazy\" class=\" size-medium wp-image-86 aligncenter\" src=\"https:\/\/aepedi.org\/wp-content\/uploads\/2016\/11\/image-300x190.jpg\" alt=\"image\" width=\"300\" height=\"190\" srcset=\"https:\/\/aepedi.org\/wp-content\/uploads\/2016\/11\/image-300x190.jpg 300w, https:\/\/aepedi.org\/wp-content\/uploads\/2016\/11\/image-1024x648.jpg 1024w, https:\/\/aepedi.org\/wp-content\/uploads\/2016\/11\/image.jpg 1132w\" sizes=\"(max-width: 300px) 100vw, 300px\" \/><\/a><\/p>\n<p style=\"text-align: justify;\">El<em> 14 de marzo de 2019<\/em>, La Comisi\u00f3n Europea estableci\u00f3 una <span style=\"text-decoration: underline;\">nueva regulaci\u00f3n<\/span> a trav\u00e9s de un nuevo\u00a0Reglamento, que sustituye al anterior procedimiento del carnet Mou por\u00a0la\u00a0<span style=\"text-decoration: underline;\">Certificaci\u00f3n de Competencia<\/span>.<\/p>\n<p><a href=\"https:\/\/aepedi.org\/wp-content\/uploads\/2022\/01\/CTT_espana_sin-datos.jpg\"><img loading=\"lazy\" class=\"aligncenter wp-image-3180 \" src=\"https:\/\/aepedi.org\/wp-content\/uploads\/2022\/01\/CTT_espana_sin-datos-755x1024.jpg\" alt=\"\" width=\"302\" height=\"410\" srcset=\"https:\/\/aepedi.org\/wp-content\/uploads\/2022\/01\/CTT_espana_sin-datos-755x1024.jpg 755w, https:\/\/aepedi.org\/wp-content\/uploads\/2022\/01\/CTT_espana_sin-datos-221x300.jpg 221w, https:\/\/aepedi.org\/wp-content\/uploads\/2022\/01\/CTT_espana_sin-datos-768x1041.jpg 768w, https:\/\/aepedi.org\/wp-content\/uploads\/2022\/01\/CTT_espana_sin-datos-1133x1536.jpg 1133w, https:\/\/aepedi.org\/wp-content\/uploads\/2022\/01\/CTT_espana_sin-datos-1510x2048.jpg 1510w, https:\/\/aepedi.org\/wp-content\/uploads\/2022\/01\/CTT_espana_sin-datos.jpg 1596w\" sizes=\"(max-width: 302px) 100vw, 302px\" \/><\/a><\/p>\n<p style=\"text-align: justify;\">El texto oficial del Reglamento y su posterior modificaci\u00f3n, que regula esta certificaci\u00f3n y que incluye la informaci\u00f3n sobre la PCF (prueba t\u00e9cnica que substituye al antiguo &#8216;Eurotest&#8217;) , se puede consultar en el siguiente enlace: <a href=\"https:\/\/aepedi.org\/wp-content\/uploads\/2019\/07\/CDAD_EUROPEA_2019_acto-delegado.pdf\">Reglamento Delegado UE 2019<\/a>\u00a0 &#8212;\u00a0 <a href=\"https:\/\/aepedi.org\/wp-content\/uploads\/2023\/08\/Reglamento-delegado-2023-865_23-feb-2023.pdf\">(Modificaci\u00f3n 2023)<\/a><\/p>\n<p style=\"text-align: justify;\"><a href=\"https:\/\/aepedi.org\/wp-content\/uploads\/2022\/09\/CSD.png\"><img loading=\"lazy\" class=\"wp-image-3502 size-medium aligncenter\" src=\"https:\/\/aepedi.org\/wp-content\/uploads\/2022\/09\/CSD-300x129.png\" alt=\"\" width=\"300\" height=\"129\" srcset=\"https:\/\/aepedi.org\/wp-content\/uploads\/2022\/09\/CSD-300x129.png 300w, https:\/\/aepedi.org\/wp-content\/uploads\/2022\/09\/CSD.png 342w\" sizes=\"(max-width: 300px) 100vw, 300px\" \/><\/a><\/p>\n<p><strong>Est\u00e1 habilitada, en la sede del CSD, la solicitud de certificado de competencias de instructor de esqu\u00ed.<\/strong><\/p>\n<p style=\"text-align: justify;\">Pueden pedirlo aquellos que ya tuviesen etiqueta MoU ( reconocimiento autom\u00e1tico) indicando el n\u00famero de etiqueta MoU, aquellos que hubiesen superado Eurotest y\/o Euroseguridad establecidos en el MoU (reconocimiento autom\u00e1tico) o bien aquellos que han superado prueba t\u00e9cnica y prueba de seguridad del Prueba Com\u00fan de Formaci\u00f3n (PCF) del Reglamento Delegado. Todos tienen que presentar la autorizaci\u00f3n de cesi\u00f3n de datos firmada y definir el estado miembro de la UE de acogida.<\/p>\n<p><a href=\"https:\/\/sede.csd.gob.es\/oficinavirtual\/FichaTramite.aspx?idProcedimiento=121\">https:\/\/sede.csd.gob.es\/oficinavirtual\/FichaTramite.aspx?idProcedimiento=121<\/a>\u00a0<em>(Enlace facilitado por el CSD, en caso de error dirigirse al CSD)<\/em><\/p>\n<p><a href=\"https:\/\/sede.csd.gob.es\/SedeVirtual.aspx\" target=\"_blank\" rel=\"noopener\">Enlace Sede Electr\u00f3nica CSD<\/a><\/p>\n<p><strong>Los requisitos m\u00ednimos para poder obtener esta certificaci\u00f3n son:<\/strong><\/p>\n<ul>\n<li style=\"text-align: justify;\">T\u00edtulo de T\u00e9cnico deportivo<\/li>\n<li style=\"text-align: justify;\">Superaci\u00f3n PCF (prueba com\u00fan de formaci\u00f3n, prueba t\u00e9cnica)<\/li>\n<li style=\"text-align: justify;\">Prueba de seguridad del Prueba Com\u00fan de Formaci\u00f3n (PCF) del Reglamento Delegado.<em><br \/>\n<\/em><\/li>\n<\/ul>\n<p style=\"text-align: justify;\">En el siguiente enlace de la Sede Virtual, se encuentra\u00a0 la informaci\u00f3n relativa al procedimiento:<\/p>\n<p style=\"text-align: justify;\"><a href=\"https:\/\/sede.csd.gob.es\/oficinavirtual\/FichaTramite.aspx?idProcedimiento=82&amp;botonSeleccionado=0\">https:\/\/sede.csd.gob.es\/oficinavirtual\/FichaTramite.aspx?idProcedimiento=82&amp;botonSeleccionado=0<\/a><\/p>\n<p style=\"text-align: justify;\"><strong>Otros enlaces de inter\u00e9s<\/strong><\/p>\n<p style=\"text-align: justify;\"><a href=\"https:\/\/www.csd.gob.es\/es\/csd\/ensenanzas\/procedimientos\" target=\"_blank\" rel=\"noopener\">Informaci\u00f3n en la web del Gobierno de Espa\u00f1a<\/a><\/p>\n<p style=\"text-align: justify;\"><a href=\"https:\/\/aepedi.org\/wp-content\/uploads\/2016\/11\/r45ews.jpg\"><img loading=\"lazy\" class=\"aligncenter size-large wp-image-87\" src=\"https:\/\/aepedi.org\/wp-content\/uploads\/2016\/11\/r45ews-1024x717.jpg\" alt=\"r45ews\" width=\"800\" height=\"560\" srcset=\"https:\/\/aepedi.org\/wp-content\/uploads\/2016\/11\/r45ews-1024x717.jpg 1024w, https:\/\/aepedi.org\/wp-content\/uploads\/2016\/11\/r45ews-300x210.jpg 300w, https:\/\/aepedi.org\/wp-content\/uploads\/2016\/11\/r45ews-130x90.jpg 130w, https:\/\/aepedi.org\/wp-content\/uploads\/2016\/11\/r45ews.jpg 1500w\" sizes=\"(max-width: 800px) 100vw, 800px\" \/><\/a><\/p>\n","protected":false},"excerpt":{"rendered":"<p>El 24 de febrero de 2012, el Reino de Espa\u00f1a firm\u00f3 en la Comisi\u00f3n Europea, en el marco de la<\/p>\n","protected":false},"author":2,"featured_media":0,"parent":0,"menu_order":0,"comment_status":"closed","ping_status":"closed","template":"","meta":[],"_links":{"self":[{"href":"https:\/\/aepedi.org\/index.php?rest_route=\/wp\/v2\/pages\/1847"}],"collection":[{"href":"https:\/\/aepedi.org\/index.php?rest_route=\/wp\/v2\/pages"}],"about":[{"href":"https:\/\/aepedi.org\/index.php?rest_route=\/wp\/v2\/types\/page"}],"author":[{"embeddable":true,"href":"https:\/\/aepedi.org\/index.php?rest_route=\/wp\/v2\/users\/2"}],"replies":[{"embeddable":true,"href":"https:\/\/aepedi.org\/index.php?rest_route=%2Fwp%2Fv2%2Fcomments&post=1847"}],"version-history":[{"count":51,"href":"https:\/\/aepedi.org\/index.php?rest_route=\/wp\/v2\/pages\/1847\/revisions"}],"predecessor-version":[{"id":3877,"href":"https:\/\/aepedi.org\/index.php?rest_route=\/wp\/v2\/pages\/1847\/revisions\/3877"}],"wp:attachment":[{"href":"https:\/\/aepedi.org\/index.php?rest_route=%2Fwp%2Fv2%2Fmedia&parent=1847"}],"curies":[{"name":"wp","href":"https:\/\/api.w.org\/{rel}","templated":true}]}}