{"id":1828,"date":"2020-07-20T15:45:34","date_gmt":"2020-07-20T13:45:34","guid":{"rendered":"http:\/\/aepedi.org\/?page_id=1828"},"modified":"2020-07-28T10:22:27","modified_gmt":"2020-07-28T08:22:27","slug":"isia","status":"publish","type":"page","link":"https:\/\/aepedi.org\/?page_id=1828","title":{"rendered":"ISIA"},"content":{"rendered":"<p><a href=\"https:\/\/aepedi.org\/wp-content\/uploads\/2020\/07\/Logos-web-aepedi.jpg\"><img loading=\"lazy\" class=\"aligncenter size-large wp-image-1577\" src=\"https:\/\/aepedi.org\/wp-content\/uploads\/2020\/07\/Logos-web-aepedi-1024x293.jpg\" alt=\"logos-web-aepedi\" width=\"800\" height=\"229\" \/><\/a><\/p>\n<p>La <em>Asociaci\u00f3n Internacional de Instructores de Esqu\u00ed<\/em>, conocido por el acr\u00f3nimo\u00a0de\u00a0<strong>ISIA<\/strong>, es el organismo mundial de profesores\u00a0de esqu\u00ed profesional.\u00a0 ISIA se form\u00f3 en 1971 y actualmente se representan en \u00e9l 37 pa\u00edses miembros, que representan lo mejor de la ense\u00f1anza de esqu\u00ed en todo el mundo.<\/p>\n<p>&nbsp;<\/p>\n<p><img loading=\"lazy\" class=\"aligncenter wp-image-1840\" src=\"https:\/\/aepedi.org\/wp-content\/uploads\/2020\/07\/Logo_ISIA-1024x199.png\" alt=\"logo_isia\" width=\"1100\" height=\"213\" srcset=\"https:\/\/aepedi.org\/wp-content\/uploads\/2020\/07\/Logo_ISIA-1024x199.png 1024w, https:\/\/aepedi.org\/wp-content\/uploads\/2020\/07\/Logo_ISIA-300x58.png 300w, https:\/\/aepedi.org\/wp-content\/uploads\/2020\/07\/Logo_ISIA.png 1031w\" sizes=\"(max-width: 1100px) 100vw, 1100px\" \/><\/p>\n<p>El Presidium de ISIA\u00a0\/ Comit\u00e9 Ejecutivo est\u00e1 formado por:<\/p>\n<ul>\n<li><strong>Presidente<\/strong>:\u00a0<em>Vittorio CAFFI<\/em><\/li>\n<li><b>Secretario General:\u00a0<\/b>Peter Hennekes<\/li>\n<li><strong>Vicepresidente de Europa:<\/strong>\u00a0Valentin Kiedaisch<\/li>\n<li><strong>Vicepresidente de Am\u00e9rica:<\/strong> Martin Jean<\/li>\n<li><strong>Vicepresidente de Area Pac\u00edfico:<\/strong>\u00a0Kiminobu Sugiyama<\/li>\n<li><strong>Vocales:\u00a0\u00a0<\/strong>Jiri Kotaska ,\u00a0Sandi Murovec ,\u00a0Tomislav Sepic ,\u00a0Timo Welsby.<\/li>\n<li><strong>Tesorera:<\/strong>\u00a0Katalin Egri.<\/li>\n<\/ul>\n<p>Auditores:<\/p>\n<p>Diego Munuera\u00a0 y\u00a0\u00a0Evgenia Sedelnikova.<\/p>\n<p>&nbsp;<\/p>\n<div class=\"sa-source-wrapper\"><\/div>\n<div class=\"sa-source-wrapper\"><a href=\"https:\/\/aepedi.org\/wp-content\/uploads\/2020\/07\/Garmisch-2018-e1595489379469.jpg\"><img loading=\"lazy\" class=\"aligncenter size-medium wp-image-2183\" src=\"https:\/\/aepedi.org\/wp-content\/uploads\/2020\/07\/Garmisch-2018-e1595489379469-300x200.jpg\" alt=\"garmisch-2018\" width=\"300\" height=\"200\" srcset=\"https:\/\/aepedi.org\/wp-content\/uploads\/2020\/07\/Garmisch-2018-e1595489379469-300x200.jpg 300w, https:\/\/aepedi.org\/wp-content\/uploads\/2020\/07\/Garmisch-2018-e1595489379469.jpg 636w\" sizes=\"(max-width: 300px) 100vw, 300px\" \/><\/a><\/div>\n<div class=\"sa-source-wrapper\"><\/div>\n<div class=\"sa-source-wrapper\"><strong>Enlaces de inter\u00e9s<\/strong><\/p>\n<ul class=\"list-source-links\">\n<li><a href=\"http:\/\/www.isiaski.org\/\" target=\"_blank\">Web oficial de ISIA<\/a><\/li>\n<\/ul>\n<\/div>\n","protected":false},"excerpt":{"rendered":"<p>La Asociaci\u00f3n Internacional de Instructores de Esqu\u00ed, conocido por el acr\u00f3nimo\u00a0de\u00a0ISIA, es el organismo mundial de profesores\u00a0de esqu\u00ed profesional.\u00a0 ISIA<\/p>\n","protected":false},"author":2,"featured_media":0,"parent":0,"menu_order":0,"comment_status":"closed","ping_status":"closed","template":"","meta":[],"_links":{"self":[{"href":"https:\/\/aepedi.org\/index.php?rest_route=\/wp\/v2\/pages\/1828"}],"collection":[{"href":"https:\/\/aepedi.org\/index.php?rest_route=\/wp\/v2\/pages"}],"about":[{"href":"https:\/\/aepedi.org\/index.php?rest_route=\/wp\/v2\/types\/page"}],"author":[{"embeddable":true,"href":"https:\/\/aepedi.org\/index.php?rest_route=\/wp\/v2\/users\/2"}],"replies":[{"embeddable":true,"href":"https:\/\/aepedi.org\/index.php?rest_route=%2Fwp%2Fv2%2Fcomments&post=1828"}],"version-history":[{"count":12,"href":"https:\/\/aepedi.org\/index.php?rest_route=\/wp\/v2\/pages\/1828\/revisions"}],"predecessor-version":[{"id":2365,"href":"https:\/\/aepedi.org\/index.php?rest_route=\/wp\/v2\/pages\/1828\/revisions\/2365"}],"wp:attachment":[{"href":"https:\/\/aepedi.org\/index.php?rest_route=%2Fwp%2Fv2%2Fmedia&parent=1828"}],"curies":[{"name":"wp","href":"https:\/\/api.w.org\/{rel}","templated":true}]}}