{"id":1808,"date":"2020-07-20T12:13:21","date_gmt":"2020-07-20T10:13:21","guid":{"rendered":"http:\/\/aepedi.org\/?page_id=1808"},"modified":"2025-07-03T08:32:52","modified_gmt":"2025-07-03T06:32:52","slug":"recomendacion-para-trabajar-en-el-extranjero","status":"publish","type":"page","link":"https:\/\/aepedi.org\/?page_id=1808","title":{"rendered":"Recomendaci\u00f3n para trabajar en el extranjero"},"content":{"rendered":"<p><a href=\"https:\/\/aepedi.org\/wp-content\/uploads\/2020\/07\/Logos-web-aepedi.jpg\"><img loading=\"lazy\" class=\"aligncenter size-large wp-image-1577\" src=\"https:\/\/aepedi.org\/wp-content\/uploads\/2020\/07\/Logos-web-aepedi-1024x293.jpg\" alt=\"logos-web-aepedi\" width=\"800\" height=\"229\" \/><\/a><\/p>\n<p style=\"text-align: justify;\">Si deseas trabajar fuera de Espa\u00f1a, aqu\u00ed te indicamos los pasos previos que desde A.E.P.E.D.I. se recomienda dar, para evitar posibles problemas o incidencias al\u00a0llegar al pa\u00eds de destino:<\/p>\n<ol style=\"text-align: justify;\">\n<li style=\"text-align: justify;\">\n<ol>\n<li><strong>Informarse en la Embajada en Espa\u00f1a<\/strong>\u00a0(del pa\u00eds al que se pretenda ir a trabajar) sobre los procedimientos para la solicitud de\u00a0permisos de trabajo, Visas o autorizaciones necesarias. A este respecto, cada pa\u00eds receptor de trabajadores, tiene sus propias normativas, por lo que es fundamental hacer estas consultas ya que\u00a0<u>algunos pa\u00edses no admiten trabajadores extranjeros<\/u>, restringen su acceso, o bien tienen exigencias concretas.\u00a0La titulaci\u00f3n que habitualmente suelen exigir las embajadas de pa\u00edses no comunitarios, es el T\u00edtulo Oficial emitido por el Ministerio de Educaci\u00f3n o las Consejer\u00edas de Educaci\u00f3n del centro donde hayas realizado la formaci\u00f3n.\u00a0 \u00a0<span style=\"text-decoration: underline;\"><strong>En caso de pa\u00edses de la Uni\u00f3n Europea<\/strong><\/span>\u00a0 ser\u00e1 necesario disponer de la Certificaci\u00f3n de Competencia, conforme\u00a0estipula Reglamento Delegado\u00a0(UE) 2019\/907 de la Comisi\u00f3n de 14 de marzo de 2019, y,\u00a0<strong>en caso de no disponer de\u00a0dicho Certificado, las autoridades del pa\u00eds podr\u00edan\u00a0imponerte importantes sanciones si est\u00e1s trabajando all\u00ed<\/strong>, incluso aunque los alumnos a los que se impartan clases o entrenamientos hayan ido desde Espa\u00f1a.\u00a0Ser\u00eda tambi\u00e9n conveniente disponer de un\u00a0<strong>Certificado de la experiencia profesional<\/strong>\u00a0de los \u00faltimos a\u00f1os.<\/li>\n<li>Tras haberse informado convenientemente en la embajada correspondiente, y ver si los tr\u00e1mites son factibles (si cumplimos con los\u00a0requisitos\u00a0exigidos y nuestra titulaci\u00f3n es v\u00e1lida en dicho pa\u00eds), deber\u00edamos\u00a0<strong>contactar con escuelas de ese pa\u00eds<\/strong>\u00a0ofreciendo nuestros servicios. En esos contactos con escuelas, conviene que \u00e9stas est\u00e9n integradas en las asociaciones nacionales adscritas a\u00a0<a href=\"https:\/\/newsletter.aepedi.org\/c\/39d4\/en-vcqfg\/myddvyxc-re\">ISIA<\/a> (Argentina, Chile, Canad\u00e1, Suiza, Nueva Zelanda, Jap\u00f3n, &#8230;), ya que con ello podr\u00eda ser reconocida la cualificaci\u00f3n de los asociados conforme a la tabla de cualificaci\u00f3n Isia. Para esto, se deber\u00e1 presentar nuestro carnet de A.E.P.E.D.I. \/ ISIA con <a href=\"https:\/\/newsletter.aepedi.org\/c\/39d4\/en-vcqfg\/hdsagtizgy0\">el sello ISIA<\/a> de nivel Isia Stamp del a\u00f1o correspondiente o, en algunos casos, es posible que se solicite un Certificado emitido por A.E.P.E.D.I. como requisito de convalidaci\u00f3n.\u00a0 A nivel internacional, es importante disponer del sello de nivel ISIA; Isia Stamp, que garantiza que el t\u00e9cnico ha realizado los cursos de formaci\u00f3n continuada, conforme establece la norma ISIA.<\/li>\n<li>Una vez contactado y acordado el trabajo con la escuela en cuesti\u00f3n, es importante\u00a0<strong>solicitar una\u00a0copia del contrato\u00a0y cerciorarse de que se trata\u00a0de un tipo de contrato oficial y legal<\/strong>\u00a0en el pa\u00eds de destino. De esta forma evitaremos\u00a0cualquier problema con las autoridades del pa\u00eds receptor.<\/li>\n<li>De la misma forma,\u00a0<strong>es\u00a0importante tener contratado un\u00a0seguro<\/strong> de asistencia sanitaria que cubra en el pa\u00eds donde se vaya a trabajar y cerciorarse si la escuela cubre posibles contingencias por enfermedad, lesi\u00f3n, rescate, evacuaci\u00f3n, etc.<\/li>\n<li>Es muy conveniente ponerse en contacto con la estaci\u00f3n donde vayamos a ir y\u00a0<strong>verificar si nos har\u00e1n descuentos en los abonos de la estaci\u00f3n por ser profesionales y disponer del sello\u00a0<\/strong><em><strong>ISIA de nivel Isia Stamp<\/strong><\/em>.<\/li>\n<\/ol>\n<\/li>\n<\/ol>\n<p style=\"text-align: justify;\">A este respecto hay que tener tambi\u00e9n en cuenta que no todas las modalidades de deportes de invierno son reconocidas por <a href=\"https:\/\/aepedi.org\/?page_id=1828\" target=\"_blank\" rel=\"noopener\">ISIA <\/a>en todos los pa\u00edses receptores.\u00a0 Tambi\u00e9n es necesario tener en cuenta que si se pretende realizar el curso conforme a la norma ISIA en otro pa\u00eds, \u00e9ste pa\u00eds deber\u00e1 de tener la cualificaci\u00f3n ISIA de nuestro nivel como t\u00e9cnico, ya que en caso contrario no podr\u00eda ser validado el curso.<\/p>\n<ul>\n<li>En el caso de que alg\u00fan asociado viaje y tenga pendiente realizar el <strong>curso de formaci\u00f3n continuada<\/strong> conforme establece la norma ISIA con objeto de solicitar el sello ISIA\u00a0 de nivel ISIA Stamp anual, deber\u00e1 asegurarse que en el pa\u00eds donde va a ir, dispone de cursos para poder realizarlo all\u00ed, teniendo en cuenta tambi\u00e9n, los niveles de cualificaci\u00f3n que disponga dicho pa\u00eds en ISIA, esto es; nivel ISIA CARD y\/o nivel ISIA STAMP.<\/li>\n<li>Es responsabilidad exclusiva del propio t\u00e9cnico cumplir con los requisitos de la norma ISIA, para obtener el sello ISIA de nivel ISIA Stamp.<\/li>\n<\/ul>\n<p style=\"text-align: justify;\"><a href=\"https:\/\/aepedi.org\/wp-content\/uploads\/2020\/07\/Garmisch-2018-e1595489379469.jpg\"><img loading=\"lazy\" class=\"aligncenter size-medium wp-image-2183\" src=\"https:\/\/aepedi.org\/wp-content\/uploads\/2020\/07\/Garmisch-2018-e1595489379469-300x200.jpg\" alt=\"garmisch-2018\" width=\"300\" height=\"200\" srcset=\"https:\/\/aepedi.org\/wp-content\/uploads\/2020\/07\/Garmisch-2018-e1595489379469-300x200.jpg 300w, https:\/\/aepedi.org\/wp-content\/uploads\/2020\/07\/Garmisch-2018-e1595489379469.jpg 636w\" sizes=\"(max-width: 300px) 100vw, 300px\" \/><\/a><\/p>\n<p style=\"text-align: justify;\"><strong><span style=\"color: #ff0000;\">IMPORTANTE:<\/span> Hay que recordar que, para realizar <a href=\"https:\/\/aepedi.org\/?page_id=1634\" target=\"_blank\" rel=\"noopener\">cualquier tr\u00e1mite con A.E.P.E.D.I.<\/a>, se debe solicitar con, al menos, una antelaci\u00f3n de 15-20 d\u00edas (festivos no incluidos). Especialmente cuando se pretende viajar\/trabajar a otro pa\u00eds, los tr\u00e1mites hay que hacerlos con suficiente tiempo.\u00a0 *<em>Hay que tener en cuenta la carga de trabajo y cierres puntuales de la secretar\u00eda (especialmente durante los meses de Mayo a Octubre), cuya informaci\u00f3n est\u00e1 actualizada en la secci\u00f3n de noticias de esta Web.<\/em><\/strong><\/p>\n<p><strong>Enlaces de inter\u00e9s:<\/strong><\/p>\n<ul>\n<li style=\"text-align: justify;\"><a href=\"https:\/\/aepedi.org\/wp-content\/uploads\/2017\/07\/2016-17_ISIA_Qualifications_Status_World.pdf\" target=\"_blank\" rel=\"noopener\">Listado Internacional de Cualificaci\u00f3n ISIA<\/a><\/li>\n<\/ul>\n","protected":false},"excerpt":{"rendered":"<p>Si deseas trabajar fuera de Espa\u00f1a, aqu\u00ed te indicamos los pasos previos que desde A.E.P.E.D.I. se recomienda dar, para evitar<\/p>\n","protected":false},"author":2,"featured_media":0,"parent":0,"menu_order":0,"comment_status":"closed","ping_status":"closed","template":"","meta":[],"_links":{"self":[{"href":"https:\/\/aepedi.org\/index.php?rest_route=\/wp\/v2\/pages\/1808"}],"collection":[{"href":"https:\/\/aepedi.org\/index.php?rest_route=\/wp\/v2\/pages"}],"about":[{"href":"https:\/\/aepedi.org\/index.php?rest_route=\/wp\/v2\/types\/page"}],"author":[{"embeddable":true,"href":"https:\/\/aepedi.org\/index.php?rest_route=\/wp\/v2\/users\/2"}],"replies":[{"embeddable":true,"href":"https:\/\/aepedi.org\/index.php?rest_route=%2Fwp%2Fv2%2Fcomments&post=1808"}],"version-history":[{"count":20,"href":"https:\/\/aepedi.org\/index.php?rest_route=\/wp\/v2\/pages\/1808\/revisions"}],"predecessor-version":[{"id":4636,"href":"https:\/\/aepedi.org\/index.php?rest_route=\/wp\/v2\/pages\/1808\/revisions\/4636"}],"wp:attachment":[{"href":"https:\/\/aepedi.org\/index.php?rest_route=%2Fwp%2Fv2%2Fmedia&parent=1808"}],"curies":[{"name":"wp","href":"https:\/\/api.w.org\/{rel}","templated":true}]}}