{"id":1755,"date":"2020-07-20T10:01:19","date_gmt":"2020-07-20T08:01:19","guid":{"rendered":"http:\/\/aepedi.org\/?page_id=1755"},"modified":"2020-07-27T11:37:02","modified_gmt":"2020-07-27T09:37:02","slug":"informacion-para-socios","status":"publish","type":"page","link":"https:\/\/aepedi.org\/?page_id=1755","title":{"rendered":"Informaci\u00f3n para socios"},"content":{"rendered":"<p><a href=\"https:\/\/aepedi.org\/wp-content\/uploads\/2020\/07\/Logos-web-aepedi.jpg\"><img loading=\"lazy\" class=\"aligncenter size-large wp-image-1577\" src=\"https:\/\/aepedi.org\/wp-content\/uploads\/2020\/07\/Logos-web-aepedi-1024x293.jpg\" alt=\"logos-web-aepedi\" width=\"800\" height=\"229\" \/><\/a><\/p>\n<p style=\"text-align: justify;\">A continuaci\u00f3n se detallan algunas consideraciones importantes de cara a los nuevos socios:<\/p>\n<p style=\"text-align: justify;\">La Temporada en A.E.P.E.D.I. (el a\u00f1o fiscal) comienza el d\u00eda\u00a01 de Julio y termina el 30 de Junio del a\u00f1o siguiente\u00a0(Igual que las Federaciones de Deportes de Invierno), esta se rige por temporadas.Esto es as\u00ed, desde la fundaci\u00f3n de A.E.P.E.D.I.<\/p>\n<p style=\"text-align: justify;\">Para dar validez al carnet de Aepedi existen dos sellos:\u00a0El sello Nacional y el sello ISIA. El sello azul Nacional\u00a0A.E.P.E.D.I. tiene la misma duraci\u00f3n de la temporada que el sello lleva impreso y lo reciben todos los socios que no reciben el sello Isia.<\/p>\n<p style=\"text-align: justify;\">El sello ISIA\u00a0tiene una duraci\u00f3n anual, que es la que indica el a\u00f1o que el propio sello lleva impreso y su validez se extiende en el a\u00f1o natural indicado. El sello ISIA se recibe\u00a0siempre y cuando se cumpla con la normativa \u201c<em>Isia Quality Standard<\/em>\u201d, en caso contrario se recibe el sello azul nacional, referido en la pir\u00e1mide de cualificaciones de ISIA. (<a href=\"https:\/\/aepedi.org\/?p=306\" target=\"_blank\">Informaci\u00f3n sello Isia<\/a>)<\/p>\n<p style=\"text-align: justify;\">Ejemplo:<\/p>\n<ul style=\"text-align: justify;\">\n<li>Temporada 2018-19 le corresponde el (Sello ISIA 2019)<\/li>\n<li>Temporada 2019-20\u00a0 le corresponde el (Sello ISIA 2020)<\/li>\n<li>etc\u2026<\/li>\n<\/ul>\n<p style=\"text-align: justify;\">En este link se puede consultar toda la informaci\u00f3n relativo a los diferentes carnets y sellos: <a href=\"https:\/\/aepedi.org\/?page_id=1764\" target=\"_blank\">Carnet AEPEDI\/ISIA<\/a>.<\/p>\n<p style=\"text-align: justify;\"><a href=\"https:\/\/aepedi.org\/wp-content\/uploads\/2020\/07\/formigal-cursos-y-varios-1024x768-2.jpg\"><img loading=\"lazy\" class=\"aligncenter wp-image-2090\" src=\"https:\/\/aepedi.org\/wp-content\/uploads\/2020\/07\/formigal-cursos-y-varios-1024x768-2.jpg\" alt=\"formigal-cursos-y-varios-1024x768-2\" width=\"1400\" height=\"801\" srcset=\"https:\/\/aepedi.org\/wp-content\/uploads\/2020\/07\/formigal-cursos-y-varios-1024x768-2.jpg 1009w, https:\/\/aepedi.org\/wp-content\/uploads\/2020\/07\/formigal-cursos-y-varios-1024x768-2-300x172.jpg 300w\" sizes=\"(max-width: 1400px) 100vw, 1400px\" \/><\/a><a href=\"https:\/\/aepedi.org\/wp-content\/uploads\/2020\/07\/formical-cursos-y-varios-1.jpg\"><br \/>\n<\/a><\/p>\n<p style=\"text-align: justify;\">Si no se tiene domiciliada la cuota de socio,<span style=\"text-decoration: underline;\"> \u00e9ste causa baja autom\u00e1ticamente el 30 de Junio<\/span>. En\u00a0el caso de que no est\u00e9 domiciliado por carecer de cuenta bancaria, el socio dispondr\u00e1 de un plazo de 15 d\u00edas (hasta el 15 de Julio) para pagar por transferencia su cuota, pasado este plazo sin que se haya recibido el pago de la cuota, se causar\u00e1 baja.<\/p>\n<p style=\"text-align: justify;\"><span style=\"text-decoration: underline;\">Si\u00a0se tiene domiciliada\u00a0la cuota de socio, se entiende\u00a0su continuidad y no causa baja autom\u00e1tica<\/span>, manteniendo su situaci\u00f3n activa de socio hasta el cobro del recibo de la nueva temporada, que habitualmente se realiza a\u00a0principios\/mediados de Septiembre. Adem\u00e1s teniendo domiciliado el pago,\u00a0se ahorra en la cuota de socio,\u00a0 puesto que\u00a0el importe \u00a0para\u00a0 las cuotas domiciliadas es de 65\u20ac, mientras que\u00a0el importe para socios que reactivan su situaci\u00f3n por haber causado baja o bien se dan de alta por primera vez, la cuota es de 95\u20ac.<\/p>\n<p style=\"text-align: justify;\">En el caso de no tener la cuota domiciliada y\u00a0desear hacerlo, se puede informar de tu domiciliaci\u00f3n bancaria (C\u00f3digo IBAN), enviando un mail a <strong>aepedioficina@gmail.com<\/strong>, antes del 30\u00a0de\u00a0Junio\u00a0de cada a\u00f1o. En caso de solicitar un cambio de domiciliaci\u00f3n debe informarse tambi\u00e9n antes de esta fecha.<\/p>\n<p style=\"text-align: justify;\">Los sellos ISIA\/Azul Nacional (el que corresponda) ser\u00e1n enviados cada temporada a partir del 15 de Noviembre aproximadamente.<\/p>\n<p style=\"text-align: justify;\">Para solicitudes de Alta o Reactivaci\u00f3n de Socios realizadas entre el d\u00eda 1 de Julio\u00a0 y el 15 de Diciembre , debe indicarse qu\u00e9 sello anual de ISIA\u00a0se desea\u00a0 recibir, en caso de no indicarse se recibir\u00e1 el que corresponda en la temporada, siempre y cuando se cumplan los requisitos exigidos por ISIA.<\/p>\n<p style=\"text-align: justify;\">En el caso de solicitar el sello de la temporada anterior,\u00a0deber\u00e1 pagarse la cuota de asociado de la temporada anterior y cumplir los requisitos de ISIA en dicha temporada. No es posible solicitar el sello de la temporada anterior, si no se est\u00e1 al corriente de pago de la actual temporada. <em>La posibilidad de solicitar a partir del 1 de Julio el sello ISIA de la temporada anterior, quedar\u00e1 supeditada a la disposici\u00f3n de los mismos en ese momento y en este caso, deber\u00e1 domiciliarse la cuota para pr\u00f3ximas temporadas.<\/em><\/p>\n<p style=\"text-align: justify;\"><em>Cualquier cuesti\u00f3n relativa a las cuotas de asociados, altas-reactivaciones, solicitudes, sellos que se pueden recibir, etc. ser\u00e1 resuelta por la Secretar\u00eda General de A.E.P.E.D.I. a trav\u00e9s de su email:<\/em> <strong>aepedioficina@gmail.com<\/strong><\/p>\n","protected":false},"excerpt":{"rendered":"<p>A continuaci\u00f3n se detallan algunas consideraciones importantes de cara a los nuevos socios: La Temporada en A.E.P.E.D.I. (el a\u00f1o fiscal)<\/p>\n","protected":false},"author":2,"featured_media":0,"parent":0,"menu_order":0,"comment_status":"closed","ping_status":"closed","template":"","meta":[],"_links":{"self":[{"href":"https:\/\/aepedi.org\/index.php?rest_route=\/wp\/v2\/pages\/1755"}],"collection":[{"href":"https:\/\/aepedi.org\/index.php?rest_route=\/wp\/v2\/pages"}],"about":[{"href":"https:\/\/aepedi.org\/index.php?rest_route=\/wp\/v2\/types\/page"}],"author":[{"embeddable":true,"href":"https:\/\/aepedi.org\/index.php?rest_route=\/wp\/v2\/users\/2"}],"replies":[{"embeddable":true,"href":"https:\/\/aepedi.org\/index.php?rest_route=%2Fwp%2Fv2%2Fcomments&post=1755"}],"version-history":[{"count":14,"href":"https:\/\/aepedi.org\/index.php?rest_route=\/wp\/v2\/pages\/1755\/revisions"}],"predecessor-version":[{"id":2346,"href":"https:\/\/aepedi.org\/index.php?rest_route=\/wp\/v2\/pages\/1755\/revisions\/2346"}],"wp:attachment":[{"href":"https:\/\/aepedi.org\/index.php?rest_route=%2Fwp%2Fv2%2Fmedia&parent=1755"}],"curies":[{"name":"wp","href":"https:\/\/api.w.org\/{rel}","templated":true}]}}