{"id":1634,"date":"2020-07-17T10:46:52","date_gmt":"2020-07-17T08:46:52","guid":{"rendered":"http:\/\/aepedi.org\/?page_id=1634"},"modified":"2026-02-13T16:48:58","modified_gmt":"2026-02-13T15:48:58","slug":"informacion-administracionsecretaria","status":"publish","type":"page","link":"https:\/\/aepedi.org\/?page_id=1634","title":{"rendered":"Informaci\u00f3n administraci\u00f3n\/secretar\u00eda &#8211; Tr\u00e1mites &#8211; Solicitudes."},"content":{"rendered":"<p><a href=\"https:\/\/aepedi.org\/wp-content\/uploads\/2020\/07\/Logos-web-aepedi.jpg\"><img loading=\"lazy\" class=\"aligncenter size-large wp-image-1577\" src=\"https:\/\/aepedi.org\/wp-content\/uploads\/2020\/07\/Logos-web-aepedi-1024x293.jpg\" alt=\"logos-web-aepedi\" width=\"800\" height=\"229\" \/><\/a><\/p>\n<p style=\"text-align: justify;\">La secretar\u00eda A.E.P.E.D.I. se encarga de realizar todos los tr\u00e1mites solicitados por los socios, como pueden ser el alta , la reactivaci\u00f3n , certificaciones, emisi\u00f3n de carnets, consultas, Informaci\u00f3n,\u00a0 etc..<\/p>\n<p style=\"text-align: justify;\">Desde la administraci\u00f3n de A.E.P.E.D.I. queremos poner de relevancia ciertos temas:<\/p>\n<p><strong>*Con car\u00e1cter general, las comunicaciones con AEPEDI ser\u00e1n a trav\u00e9s de correo electr\u00f3nico (<em>aepedioficina@gmail.com)<\/em>, quedando as\u00ed constancia de ellas.\u00a0<\/strong><\/p>\n<ul style=\"text-align: justify;\">\n<li><em>Todos los tr\u00e1mites e informaci\u00f3n <strong>deben solicitarse mediante env\u00edo de email<\/strong> a:<strong> aepedioficina@gmail.com , <\/strong>en caso de estar asociado como persona f\u00edsica, debes de indicar el n\u00famero de socio. <strong>En caso de estar asociado a trav\u00e9s de una entidad adscrita, ser\u00e1 dicha entidad quien solicitar\u00e1 el tr\u00e1mite a AEPEDI.<\/strong><\/em><\/li>\n<li><em><strong>Las solicitudes se atienden por orden de entrad<\/strong>a y dependiendo de la carga de trabajo de la oficina, son tramitadas con mayor o menor celeridad.<\/em><\/li>\n<li><em>Los tr\u00e1mites de cualquier solicitud, comenzar\u00e1n en el momento en que dispongamos de toda la documentaci\u00f3n solicitada\/necesaria.<\/em><\/li>\n<\/ul>\n<p style=\"text-align: justify;\"><a href=\"https:\/\/aepedi.org\/wp-content\/uploads\/2016\/11\/a4-socios-esqui1-e1595491290674.jpg\"><img loading=\"lazy\" class=\"aligncenter wp-image-96\" src=\"https:\/\/aepedi.org\/wp-content\/uploads\/2016\/11\/a4-socios-esqui1-e1595491290674-1024x468.jpg\" alt=\"a4-socios-esqui\" width=\"1400\" height=\"641\" srcset=\"https:\/\/aepedi.org\/wp-content\/uploads\/2016\/11\/a4-socios-esqui1-e1595491290674-1024x468.jpg 1024w, https:\/\/aepedi.org\/wp-content\/uploads\/2016\/11\/a4-socios-esqui1-e1595491290674-300x137.jpg 300w, https:\/\/aepedi.org\/wp-content\/uploads\/2016\/11\/a4-socios-esqui1-e1595491290674.jpg 2000w\" sizes=\"(max-width: 1400px) 100vw, 1400px\" \/><\/a><a href=\"https:\/\/aepedi.org\/wp-content\/uploads\/2016\/11\/a4-socios-esqui.jpg\"><br \/><\/a><\/p>\n<p style=\"text-align: justify;\"><strong>Adicionalmente, es importante tambi\u00e9n considerar que:<\/strong><\/p>\n<ul style=\"text-align: justify;\">\n<li>Para quienes vayan a necesitar cualquier tramitaci\u00f3n desde la Secretar\u00eda de A.E.P.E.D.I., rogamos que se solicite con el<strong>\u00a0suficiente tiempo de antelaci\u00f3n (15 a 20 d\u00edas) y evitar hacerlo en el \u00faltimo momento,<\/strong>\u00a0especialmente para aquellos que deben hacer alg\u00fan tr\u00e1mite para viajar al extranjero.<\/li>\n<li>Recordamos que los tr\u00e1mites de Alta, Reactivaci\u00f3n de socios, certificaciones, cambios de carnets, etc. <strong>tienen un tiempo estimado de tramitaci\u00f3n de\u00a015 d\u00edas<\/strong>, aunque dependiendo de la carga de trabajo\u00a0de la secretar\u00eda,\u00a0 este tiempo podr\u00eda variar. <em>Es necesario tener\u00a0en cuenta las fechas en las que la\u00a0Secretar\u00eda de A.E.P.E.D.I. estar\u00e1 cerrada, se avisar\u00e1 de dichas fechas a trav\u00e9s de \u00e9sta Web (<a href=\"https:\/\/aepedi.org\/?cat=25\" target=\"_blank\" rel=\"noopener\">ver secci\u00f3n Noticias<\/a>)<\/em>.<\/li>\n<li>En las Altas a partir del 1 de Julio se deber\u00e1 de indicar en el formulario, qu\u00e9 sello de nivel ISIA se desea recibir: el sello de nivel ISIA que corresponder\u00e1 a la temporada finalizada esto es ; la anterior (<em>ya que puede ser necesario para trabajar en la temporada austral<\/em>) o el correspondiente a la temporada en vigor a partir del d\u00eda 1 de Julio, siempre y cuando se cumplan los requisitos para recibir el sello de nivel ISIA &#8211; Isia Stamp (Cumplimiento de Formaci\u00f3n continuada).\u00a0 \u00a0 Los sellos de nivel ISIA &#8211; Isia Stamp de los nuevos asociados, desde el 1 de Julio hasta el mes de Noviembre (que es cuando se reciben los sellos desde ISIA) se enviar\u00e1n cuando dispongamos de ellos.<\/li>\n<li>Aquellos socios que no est\u00e9n en disposici\u00f3n de recibir el sello de nivel ISIA &#8211; Isia Stamp, se les remitir\u00e1 el sello de nivel ISIA &#8211; National Stamp (Nivel Azul) incluido en la pir\u00e1mide de cualificaciones de ISIA, el cual validar\u00e1 su carnet de Aepedi.<\/li>\n<li>Los recibos de las cuotas de la nueva temporada se emitir\u00e1n aproximadamente en la primera quincena de Septiembre. <strong>Recomendamos verificar que el pago del recibo se ha realizado, para evitar causar baja.<\/strong><\/li>\n<li>Los socios personas F\u00edsicas (cuyo recibo de renovaci\u00f3n no haya sido devuelto), recibir\u00e1n su sello de nivel ISIA correspondiente, sin tener que solicitarlo, aproximadamente a partir de la segunda quincena de Noviembre .<\/li>\n<\/ul>\n<p style=\"text-align: justify;\"><strong>Enlaces\u00a0de inter\u00e9s:<\/strong><\/p>\n<ul>\n<li style=\"text-align: justify;\">Informaci\u00f3n procedimiento alta\/Reactivaci\u00f3n socios: <a href=\"https:\/\/aepedi.org\/wp-content\/uploads\/2024\/07\/Informacion-del-procedimiento-de-solicitud_Socio_Reactiv_AEPEDI.pdf\" target=\"_blank\" rel=\"noopener\">Procedimiento Alta\/reactivaci\u00f3n socios<\/a><\/li>\n<li style=\"text-align: justify;\">Formulario de solicitud de alta\/reactivaci\u00f3n de socios:\u00a0<a href=\"https:\/\/aepedi.org\/wp-content\/uploads\/2025\/05\/Formulario_SOLIC_ALTA-REACTIV-ACTZ_AEPEDI.docx\">Descargar Formulario<\/a><\/li>\n<\/ul>\n\n\n<ul><li>Atenci\u00f3n presencial a asociados en activo, en la oficina administrativa de la Urb. de Formigal, todos los d\u00edas. Imprescindible solicitud de cita previa por e-mail y se asignar\u00e1 fecha y hora.<\/li><\/ul>\n","protected":false},"excerpt":{"rendered":"<p>La secretar\u00eda A.E.P.E.D.I. se encarga de realizar todos los tr\u00e1mites solicitados por los socios, como pueden ser el alta ,<\/p>\n","protected":false},"author":2,"featured_media":0,"parent":0,"menu_order":0,"comment_status":"closed","ping_status":"closed","template":"","meta":[],"_links":{"self":[{"href":"https:\/\/aepedi.org\/index.php?rest_route=\/wp\/v2\/pages\/1634"}],"collection":[{"href":"https:\/\/aepedi.org\/index.php?rest_route=\/wp\/v2\/pages"}],"about":[{"href":"https:\/\/aepedi.org\/index.php?rest_route=\/wp\/v2\/types\/page"}],"author":[{"embeddable":true,"href":"https:\/\/aepedi.org\/index.php?rest_route=\/wp\/v2\/users\/2"}],"replies":[{"embeddable":true,"href":"https:\/\/aepedi.org\/index.php?rest_route=%2Fwp%2Fv2%2Fcomments&post=1634"}],"version-history":[{"count":30,"href":"https:\/\/aepedi.org\/index.php?rest_route=\/wp\/v2\/pages\/1634\/revisions"}],"predecessor-version":[{"id":5057,"href":"https:\/\/aepedi.org\/index.php?rest_route=\/wp\/v2\/pages\/1634\/revisions\/5057"}],"wp:attachment":[{"href":"https:\/\/aepedi.org\/index.php?rest_route=%2Fwp%2Fv2%2Fmedia&parent=1634"}],"curies":[{"name":"wp","href":"https:\/\/api.w.org\/{rel}","templated":true}]}}