{"id":1600,"date":"2020-07-17T08:45:17","date_gmt":"2020-07-17T06:45:17","guid":{"rendered":"http:\/\/aepedi.org\/?page_id=1600"},"modified":"2024-10-25T17:02:32","modified_gmt":"2024-10-25T15:02:32","slug":"estructura-a-e-p-e-d-i","status":"publish","type":"page","link":"https:\/\/aepedi.org\/?page_id=1600","title":{"rendered":"Estructura A.E.P.E.D.I."},"content":{"rendered":"<p class=\"p1\"><a href=\"https:\/\/aepedi.org\/wp-content\/uploads\/2020\/07\/Logos-web-aepedi.jpg\"><img loading=\"lazy\" class=\"aligncenter size-large wp-image-1577\" src=\"https:\/\/aepedi.org\/wp-content\/uploads\/2020\/07\/Logos-web-aepedi-1024x293.jpg\" alt=\"logos-web-aepedi\" width=\"800\" height=\"229\" \/><\/a><\/p>\n<p class=\"p1\">En aplicaci\u00f3n de los <a href=\"https:\/\/aepedi.org\/?page_id=1617\" target=\"_blank\" rel=\"noopener\">Estatutos\u00a0<\/a>de la asociaci\u00f3n espa\u00f1ola de profesores y entrenadores de deportes de invierno, aprobados en la Asamblea General Extraordinaria\u00a0 del 24\/11\/17, se define la siguiente estructura para la asociaci\u00f3n:<\/p>\n<p class=\"p1\"><strong>Junta Directiva de\u00a0A.E.P.E.D.I. <\/strong><em>(Desde 28\/9\/24)\u00a0<\/em><\/p>\n<p>Presidente: D. Diego Munuera. &#8211; (<em>Direcci\u00f3n Ejecutiva<\/em>)<br \/>\nSecretario General : D. Angel Cebollero. &#8211; (<em>Direcci\u00f3n Ejecutiva<\/em>)<br \/>\nVicepresidente: D. Marcel Carde\u00f1a. &#8211; (<em>Direcci\u00f3n Ejecutiva<\/em>)<\/p>\n<p>&#8212;&#8212;&#8212;&#8212;&#8212;&#8211;<\/p>\n<p>Vocal: D. Alejandro Linde \u2013 Resp. Zona Sur.<br \/>\nVocal: D. Francesc Herrera \u2013 Resp. Internacional.<br \/>\nVocal: D. Juanjo Igea \u2013 Resp. Telemark.<br \/>\nVocal: D\u00aa. Paula Terra \u2013 Resp. Snowboard.<\/p>\n<p>&#8212;&#8212;&#8212;&#8212;&#8212;&#8212;-<\/p>\n<p>D. Samuel Su\u00e1rez Rub\u00ed\u00a0 &#8211;\u00a0 \u00c1rea de Comunicaci\u00f3n.<\/p>\n<p><strong>Comit\u00e9 T\u00e9cnico A.E.P.E.D.I.<\/strong><\/p>\n<p>Direcci\u00f3n:<\/p>\n<ul>\n<li><span class=\"Apple-converted-space\">D.\u00a0<\/span>Marcel Carde\u00f1a Mayoral.<\/li>\n<li>D. Diego Munuera E. <em>(Presidente \u2013 Art.62.1)<\/em><\/li>\n<li>D. Angel Cebollero A. <em>(Secret. Gral \u2013 Art.71.8)<\/em><\/li>\n<li>D. Pedro Urieta Guill\u00e9n<\/li>\n<\/ul>\n<p>Comit\u00e9 de Formaci\u00f3n A.E.P.E.D.I.<br \/>\nResponsables T\u00e9cnicos:<\/p>\n<ul>\n<li>Alpino:\u00a0 <em>D.\u00a0Javier Abajo\u00a0 y\u00a0 D. Pep Serra.<\/em><\/li>\n<li>Snowboard: <em>D\u00aa.\u00a0Paula Terra.<\/em><\/li>\n<li>Telemark: <em>D.\u00a0Juanjo Igea.<\/em><\/li>\n<\/ul>\n<p><strong>Grupos de trabajo<\/strong>.<\/p>\n<ul>\n<li>Responsable \u00c1rea de Comunicaci\u00f3n A.E.P.E.D.I. : D. Samuel Su\u00e1rez Rub\u00ed <em>(Website \u2013 Newsletter \u2013 Redes sociales)<\/em><\/li>\n<li>Responsable \u00c1rea de Seguros\u00a0 A.E.P.E.D.I.: D.<span class=\"Apple-converted-space\">\u00a0<\/span>Alejandro Linde Rodr\u00edguez.<\/li>\n<\/ul>\n","protected":false},"excerpt":{"rendered":"<p>En aplicaci\u00f3n de los Estatutos\u00a0de la asociaci\u00f3n espa\u00f1ola de profesores y entrenadores de deportes de invierno, aprobados en la Asamblea<\/p>\n","protected":false},"author":2,"featured_media":0,"parent":0,"menu_order":0,"comment_status":"closed","ping_status":"closed","template":"","meta":[],"_links":{"self":[{"href":"https:\/\/aepedi.org\/index.php?rest_route=\/wp\/v2\/pages\/1600"}],"collection":[{"href":"https:\/\/aepedi.org\/index.php?rest_route=\/wp\/v2\/pages"}],"about":[{"href":"https:\/\/aepedi.org\/index.php?rest_route=\/wp\/v2\/types\/page"}],"author":[{"embeddable":true,"href":"https:\/\/aepedi.org\/index.php?rest_route=\/wp\/v2\/users\/2"}],"replies":[{"embeddable":true,"href":"https:\/\/aepedi.org\/index.php?rest_route=%2Fwp%2Fv2%2Fcomments&post=1600"}],"version-history":[{"count":20,"href":"https:\/\/aepedi.org\/index.php?rest_route=\/wp\/v2\/pages\/1600\/revisions"}],"predecessor-version":[{"id":4401,"href":"https:\/\/aepedi.org\/index.php?rest_route=\/wp\/v2\/pages\/1600\/revisions\/4401"}],"wp:attachment":[{"href":"https:\/\/aepedi.org\/index.php?rest_route=%2Fwp%2Fv2%2Fmedia&parent=1600"}],"curies":[{"name":"wp","href":"https:\/\/api.w.org\/{rel}","templated":true}]}}